{"id":2128,"date":"2025-06-16T20:24:24","date_gmt":"2025-06-16T18:24:24","guid":{"rendered":"https:\/\/icomos-jardins.ch\/a-propos-de-nous\/"},"modified":"2026-05-09T08:41:29","modified_gmt":"2026-05-09T06:41:29","slug":"a-propos-de-nous","status":"publish","type":"page","link":"https:\/\/icomos-jardins.ch\/fr\/a-propos-de-nous\/","title":{"rendered":"\u00c0 propos de nous"},"content":{"rendered":"<p>[et_pb_section fb_built=\u00a0\u00bb1&Prime; custom_padding_last_edited=\u00a0\u00bbon|phone\u00a0\u00bb admin_label=\u00a0\u00bbSeitentitel\u00a0\u00bb _builder_version=\u00a0\u00bb4.27.4&Prime; _module_preset=\u00a0\u00bbdefault\u00a0\u00bb custom_padding=\u00a0\u00bb50px||20px||false|false\u00a0\u00bb custom_padding_tablet=\u00a0\u00bb30px||||false|false\u00a0\u00bb custom_padding_phone=\u00a0\u00bb10px||||false|false\u00a0\u00bb locked=\u00a0\u00bboff\u00a0\u00bb collapsed=\u00a0\u00bbon\u00a0\u00bb global_colors_info=\u00a0\u00bb{}\u00a0\u00bb][et_pb_row _builder_version=\u00a0\u00bb4.27.4&Prime; _module_preset=\u00a0\u00bbdefault\u00a0\u00bb custom_margin=\u00a0\u00bb40px||10px||false|true\u00a0\u00bb custom_padding=\u00a0\u00bb0px|0px|0px|0px|true|true\u00a0\u00bb collapsed=\u00a0\u00bboff\u00a0\u00bb global_colors_info=\u00a0\u00bb{}\u00a0\u00bb][et_pb_column type=\u00a0\u00bb4_4&Prime; _builder_version=\u00a0\u00bb4.27.4&Prime; _module_preset=\u00a0\u00bbdefault\u00a0\u00bb global_colors_info=\u00a0\u00bb{}\u00a0\u00bb][et_pb_heading title=\u00a0\u00bb\u00c0 propos de nous\u00a0\u00bb _builder_version=\u00a0\u00bb4.27.4&Prime; _module_preset=\u00a0\u00bbdefault\u00a0\u00bb title_font=\u00a0\u00bb|700|||||||\u00a0\u00bb title_text_align=\u00a0\u00bbcenter\u00a0\u00bb title_font_size=\u00a0\u00bb50px\u00a0\u00bb title_line_height=\u00a0\u00bb52px\u00a0\u00bb max_width=\u00a0\u00bb600px\u00a0\u00bb module_alignment=\u00a0\u00bbcenter\u00a0\u00bb title_font_size_tablet=\u00a0\u00bb26px\u00a0\u00bb title_font_size_phone=\u00a0\u00bb24px\u00a0\u00bb title_font_size_last_edited=\u00a0\u00bbon|phone\u00a0\u00bb title_line_height_tablet=\u00a0\u00bb30px\u00a0\u00bb title_line_height_phone=\u00a0\u00bb28px\u00a0\u00bb title_line_height_last_edited=\u00a0\u00bbon|desktop\u00a0\u00bb global_colors_info=\u00a0\u00bb{}\u00a0\u00bb][\/et_pb_heading][\/et_pb_column][\/et_pb_row][\/et_pb_section][et_pb_section fb_built=\u00a0\u00bb1&Prime; custom_padding_last_edited=\u00a0\u00bbon|phone\u00a0\u00bb admin_label=\u00a0\u00bbEinleitungstext\u00a0\u00bb _builder_version=\u00a0\u00bb4.27.4&Prime; _module_preset=\u00a0\u00bbdefault\u00a0\u00bb custom_padding=\u00a0\u00bb0px|40px|20px|40px|false|true\u00a0\u00bb custom_padding_tablet=\u00a0\u00bb0px|40px|20px|40px|false|true\u00a0\u00bb custom_padding_phone=\u00a0\u00bb|25px||25px|false|true\u00a0\u00bb collapsed=\u00a0\u00bboff\u00a0\u00bb global_colors_info=\u00a0\u00bb{}\u00a0\u00bb][et_pb_row custom_padding_last_edited=\u00a0\u00bbon|tablet\u00a0\u00bb _builder_version=\u00a0\u00bb4.27.4&Prime; _module_preset=\u00a0\u00bbdefault\u00a0\u00bb width_tablet=\u00a0\u00bb100%\u00a0\u00bb width_phone=\u00a0\u00bb100%\u00a0\u00bb width_last_edited=\u00a0\u00bbon|tablet\u00a0\u00bb max_width=\u00a0\u00bb750px\u00a0\u00bb custom_margin=\u00a0\u00bb||||false|false\u00a0\u00bb custom_margin_tablet=\u00a0\u00bb||||false|false\u00a0\u00bb custom_margin_phone=\u00a0\u00bb||||false|false\u00a0\u00bb custom_margin_last_edited=\u00a0\u00bbon|tablet\u00a0\u00bb custom_padding=\u00a0\u00bb|0px||0px|false|true\u00a0\u00bb custom_padding_tablet=\u00a0\u00bb0px||0px||false|true\u00a0\u00bb custom_padding_phone=\u00a0\u00bb0px||0px||false|true\u00a0\u00bb animation_style=\u00a0\u00bbslide\u00a0\u00bb animation_direction=\u00a0\u00bbbottom\u00a0\u00bb animation_duration=\u00a0\u00bb450ms\u00a0\u00bb animation_delay=\u00a0\u00bb200ms\u00a0\u00bb animation_intensity_slide=\u00a0\u00bb10%\u00a0\u00bb collapsed=\u00a0\u00bbon\u00a0\u00bb global_colors_info=\u00a0\u00bb{}\u00a0\u00bb][et_pb_column type=\u00a0\u00bb4_4&Prime; _builder_version=\u00a0\u00bb4.27.4&Prime; _module_preset=\u00a0\u00bbdefault\u00a0\u00bb global_colors_info=\u00a0\u00bb{}\u00a0\u00bb][et_pb_text admin_label=\u00a0\u00bbText\u00a0\u00bb _builder_version=\u00a0\u00bb4.27.4&Prime; _module_preset=\u00a0\u00bbdefault\u00a0\u00bb module_alignment=\u00a0\u00bbcenter\u00a0\u00bb custom_padding=\u00a0\u00bb||25px||false|false\u00a0\u00bb text_font_size_tablet=\u00a0\u00bb18px\u00a0\u00bb text_font_size_phone=\u00a0\u00bb18px\u00a0\u00bb text_font_size_last_edited=\u00a0\u00bbon|tablet\u00a0\u00bb text_line_height_tablet=\u00a0\u00bb24px\u00a0\u00bb text_line_height_phone=\u00a0\u00bb24px\u00a0\u00bb text_line_height_last_edited=\u00a0\u00bbon|desktop\u00a0\u00bb global_colors_info=\u00a0\u00bb{}\u00a0\u00bb]<span style=\"font-weight: 400;\">Ce groupe de travail ind\u00e9pendant, compos\u00e9 de sp\u00e9cialistes issus de l&rsquo;enseignement, de la recherche et de la pratique, conseille les propri\u00e9taires et les autorit\u00e9s sur toutes les questions relatives \u00e0 la conservation des jardins historiques. Il r\u00e9dige des documents de base, s&rsquo;exprime sur des th\u00e8mes d&rsquo;actualit\u00e9, organise des formations continues et r\u00e9dige des avis sur la conservation des jardins historiques. <\/span><\/p>\n<p><span style=\"font-weight: 400;\">Le groupe de travail a \u00e9t\u00e9 cr\u00e9\u00e9 en 1992 dans le but d&rsquo;\u00e9tablir une liste des jardins historiques potentiellement dignes de protection \u00e0 l&rsquo;\u00e9chelle nationale. Diese sogenannte ICOMOS-Liste wurde 2014 abgeschlossen und ist \u00f6ffentlich zug\u00e4nglich. <\/span><br \/>\n[\/et_pb_text][\/et_pb_column][\/et_pb_row][\/et_pb_section][et_pb_section fb_built=\u00a0\u00bb1&Prime; custom_padding_last_edited=\u00a0\u00bbon|phone\u00a0\u00bb admin_label=\u00a0\u00bbMitglieder, Vorsitz, Kontakt\u00a0\u00bb _builder_version=\u00a0\u00bb4.27.4&Prime; _module_preset=\u00a0\u00bbdefault\u00a0\u00bb custom_padding=\u00a0\u00bb0px|40px|20px|40px|false|true\u00a0\u00bb custom_padding_tablet=\u00a0\u00bb0px|40px|20px|40px|false|true\u00a0\u00bb custom_padding_phone=\u00a0\u00bb|25px||25px|false|true\u00a0\u00bb hover_enabled=\u00a0\u00bb0&Prime; collapsed=\u00a0\u00bboff\u00a0\u00bb global_colors_info=\u00a0\u00bb{}\u00a0\u00bb sticky_enabled=\u00a0\u00bb0&Prime;][et_pb_row _builder_version=\u00a0\u00bb4.27.4&Prime; _module_preset=\u00a0\u00bbdefault\u00a0\u00bb width_tablet=\u00a0\u00bb100%\u00a0\u00bb width_phone=\u00a0\u00bb100%\u00a0\u00bb width_last_edited=\u00a0\u00bbon|tablet\u00a0\u00bb max_width=\u00a0\u00bb750px\u00a0\u00bb animation_style=\u00a0\u00bbslide\u00a0\u00bb animation_direction=\u00a0\u00bbbottom\u00a0\u00bb animation_duration=\u00a0\u00bb450ms\u00a0\u00bb animation_delay=\u00a0\u00bb200ms\u00a0\u00bb animation_intensity_slide=\u00a0\u00bb10%\u00a0\u00bb collapsed=\u00a0\u00bboff\u00a0\u00bb global_colors_info=\u00a0\u00bb{}\u00a0\u00bb][et_pb_column type=\u00a0\u00bb4_4&Prime; _builder_version=\u00a0\u00bb4.27.4&Prime; _module_preset=\u00a0\u00bbdefault\u00a0\u00bb global_colors_info=\u00a0\u00bb{}\u00a0\u00bb][et_pb_text admin_label=\u00a0\u00bbText\u00a0\u00bb _builder_version=\u00a0\u00bb4.27.4&Prime; _module_preset=\u00a0\u00bbdefault\u00a0\u00bb module_alignment=\u00a0\u00bbcenter\u00a0\u00bb hover_enabled=\u00a0\u00bb0&Prime; text_font_size_tablet=\u00a0\u00bb16px\u00a0\u00bb text_font_size_phone=\u00a0\u00bb16px\u00a0\u00bb text_font_size_last_edited=\u00a0\u00bbon|tablet\u00a0\u00bb text_line_height_tablet=\u00a0\u00bb24px\u00a0\u00bb text_line_height_phone=\u00a0\u00bb24px\u00a0\u00bb text_line_height_last_edited=\u00a0\u00bbon|desktop\u00a0\u00bb global_colors_info=\u00a0\u00bb{}\u00a0\u00bb sticky_enabled=\u00a0\u00bb0&Prime;]<\/p>\n<p><strong>Membres<\/strong><br \/><span style=\"font-weight: 400;\">Dr. Johannes Stoffler, architecte paysagiste (ZH), pr\u00e9sidence<br \/><\/span><span style=\"font-weight: 400;\">Bernhard Graf, m\u00e9diateur culturel (TI)<br \/>Fr\u00e9d\u00e9ric Frank, architecte, conservateur cantonal des monuments historiques (NE)<br \/><\/span><span style=\"font-weight: 400;\">Martin Klauser, architecte paysagiste (SG)<br \/><\/span><span style=\"font-weight: 400;\">Andrea Mader, architecte, service des site sconstruits (AG)<br \/><\/span><span style=\"font-weight: 400;\">Katharina M\u00fcller, architecte paysagiste (BE)<\/span><span style=\"font-weight: 400;\"><br \/><\/span><span style=\"font-weight: 400;\">Dr. <\/span><span style=\"font-weight: 400;\">Dunja Richter, architecte paysagiste (ZH)<br \/><\/span><span style=\"font-weight: 400;\">Ignaz Sieber, architecte paysagiste (ZH)<br \/><\/span><span style=\"font-weight: 400;\">Susanne Winkler, architecte paysagiste, service de conservation des jardins historiques (BS)<\/span><\/p>\n<p><strong>Contact<br \/><\/strong><a href=\"mailto:jardins@icomos.ch\">jardins@icomos.ch<\/a><\/p>\n<p>[\/et_pb_text][et_pb_button button_url=\u00a0\u00bb@ET-DC@eyJkeW5hbWljIjp0cnVlLCJjb250ZW50IjoicG9zdF9saW5rX3VybF9wYWdlIiwic2V0dGluZ3MiOnsicG9zdF9pZCI6IjM4NSIsImVuYWJsZV9odG1sIjoib2ZmIn19@\u00a0\u00bb button_text=\u00a0\u00bbVous avez une demande concernant la liste des jardins ICOMOS ?\u00a0\u00bb button_alignment=\u00a0\u00bbleft\u00a0\u00bb admin_label=\u00a0\u00bbButton\u00a0\u00bb module_class=\u00a0\u00bbbutton-add-arrow\u00a0\u00bb _builder_version=\u00a0\u00bb4.27.4&Prime; _dynamic_attributes=\u00a0\u00bbbutton_url\u00a0\u00bb _module_preset=\u00a0\u00bbdefault\u00a0\u00bb custom_button=\u00a0\u00bbon\u00a0\u00bb button_text_size=\u00a0\u00bb18px\u00a0\u00bb button_text_color=\u00a0\u00bb#FFFFFF\u00a0\u00bb button_bg_color=\u00a0\u00bb#3d856e\u00a0\u00bb button_border_width=\u00a0\u00bb0px\u00a0\u00bb button_border_color=\u00a0\u00bbRGBA(255,255,255,0)\u00a0\u00bb button_font=\u00a0\u00bb|700|||||||\u00a0\u00bb button_use_icon=\u00a0\u00bboff\u00a0\u00bb custom_margin=\u00a0\u00bb40px||||false|false\u00a0\u00bb custom_margin_tablet=\u00a0\u00bb30px||||false|false\u00a0\u00bb custom_margin_phone=\u00a0\u00bb30px||||false|false\u00a0\u00bb custom_margin_last_edited=\u00a0\u00bbon|tablet\u00a0\u00bb custom_padding=\u00a0\u00bb9px|25px|9px|25px|true|true\u00a0\u00bb custom_css_main_element=\u00a0\u00bbborder-radius: 25px;\u00a0\u00bb global_colors_info=\u00a0\u00bb{}\u00a0\u00bb button_bg_color__hover_enabled=\u00a0\u00bbon|hover\u00a0\u00bb button_bg_color__hover=\u00a0\u00bb#295f4e\u00a0\u00bb button_bg_enable_color__hover=\u00a0\u00bbon\u00a0\u00bb][\/et_pb_button][et_pb_button button_url=\u00a0\u00bbhttps:\/\/www.icomos.ch\/\u00a0\u00bb url_new_window=\u00a0\u00bbon\u00a0\u00bb button_text=\u00a0\u00bbVous voulez en savoir plus sur ICOMOS Suisse ?\u00a0\u00bb button_alignment=\u00a0\u00bbleft\u00a0\u00bb admin_label=\u00a0\u00bbButton\u00a0\u00bb module_class=\u00a0\u00bbbutton-add-arrow\u00a0\u00bb _builder_version=\u00a0\u00bb4.27.4&Prime; _module_preset=\u00a0\u00bbdefault\u00a0\u00bb custom_button=\u00a0\u00bbon\u00a0\u00bb button_text_size=\u00a0\u00bb18px\u00a0\u00bb button_text_color=\u00a0\u00bb#FFFFFF\u00a0\u00bb button_bg_color=\u00a0\u00bb#3d856e\u00a0\u00bb button_border_width=\u00a0\u00bb0px\u00a0\u00bb button_border_color=\u00a0\u00bbRGBA(255,255,255,0)\u00a0\u00bb button_font=\u00a0\u00bb|700|||||||\u00a0\u00bb button_use_icon=\u00a0\u00bboff\u00a0\u00bb custom_margin=\u00a0\u00bb40px||||false|false\u00a0\u00bb custom_margin_tablet=\u00a0\u00bb30px||||false|false\u00a0\u00bb custom_margin_phone=\u00a0\u00bb30px||||false|false\u00a0\u00bb custom_margin_last_edited=\u00a0\u00bbon|tablet\u00a0\u00bb custom_padding=\u00a0\u00bb9px|25px|9px|25px|true|true\u00a0\u00bb custom_css_main_element=\u00a0\u00bbborder-radius: 25px;\u00a0\u00bb global_colors_info=\u00a0\u00bb{}\u00a0\u00bb button_bg_color__hover_enabled=\u00a0\u00bbon|hover\u00a0\u00bb button_bg_color__hover=\u00a0\u00bb#295f4e\u00a0\u00bb button_bg_enable_color__hover=\u00a0\u00bbon\u00a0\u00bb][\/et_pb_button][\/et_pb_column][\/et_pb_row][\/et_pb_section][et_pb_section fb_built=\u00a0\u00bb1&Prime; custom_padding_last_edited=\u00a0\u00bbon|phone\u00a0\u00bb admin_label=\u00a0\u00bbAbbildung\u00a0\u00bb _builder_version=\u00a0\u00bb4.27.4&Prime; _module_preset=\u00a0\u00bbdefault\u00a0\u00bb width=\u00a0\u00bb80%\u00a0\u00bb width_tablet=\u00a0\u00bb100%\u00a0\u00bb width_phone=\u00a0\u00bb100%\u00a0\u00bb width_last_edited=\u00a0\u00bbon|tablet\u00a0\u00bb module_alignment=\u00a0\u00bbcenter\u00a0\u00bb custom_margin=\u00a0\u00bb0px||0px||false|false\u00a0\u00bb custom_padding=\u00a0\u00bb0px|40px|25px|40px|false|true\u00a0\u00bb custom_padding_tablet=\u00a0\u00bb0px|40px|25px|40px|false|true\u00a0\u00bb custom_padding_phone=\u00a0\u00bb|25px||25px|false|true\u00a0\u00bb collapsed=\u00a0\u00bboff\u00a0\u00bb global_colors_info=\u00a0\u00bb{}\u00a0\u00bb][et_pb_row custom_padding_last_edited=\u00a0\u00bbon|tablet\u00a0\u00bb admin_label=\u00a0\u00bbLigne\u00a0\u00bb _builder_version=\u00a0\u00bb4.27.4&Prime; _module_preset=\u00a0\u00bbdefault\u00a0\u00bb width_tablet=\u00a0\u00bb100%\u00a0\u00bb width_phone=\u00a0\u00bb100%\u00a0\u00bb width_last_edited=\u00a0\u00bbon|tablet\u00a0\u00bb custom_margin=\u00a0\u00bb0px||0px||false|false\u00a0\u00bb custom_padding=\u00a0\u00bb0px|40px|0px|40px|false|true\u00a0\u00bb custom_padding_tablet=\u00a0\u00bb|0px||0px|false|true\u00a0\u00bb custom_padding_phone=\u00a0\u00bb|0px||0px|false|true\u00a0\u00bb animation_style=\u00a0\u00bbslide\u00a0\u00bb animation_direction=\u00a0\u00bbbottom\u00a0\u00bb animation_duration=\u00a0\u00bb450ms\u00a0\u00bb animation_delay=\u00a0\u00bb100ms\u00a0\u00bb animation_intensity_slide=\u00a0\u00bb10%\u00a0\u00bb collapsed=\u00a0\u00bbon\u00a0\u00bb global_colors_info=\u00a0\u00bb{}\u00a0\u00bb][et_pb_column type=\u00a0\u00bb4_4&Prime; _builder_version=\u00a0\u00bb4.27.4&Prime; _module_preset=\u00a0\u00bbdefault\u00a0\u00bb global_colors_info=\u00a0\u00bb{}\u00a0\u00bb][et_pb_image title_text=\u00a0\u00bbe5253519e8823a3f45875172315f0581e1834efa\u00a0\u00bb align=\u00a0\u00bbcenter\u00a0\u00bb _builder_version=\u00a0\u00bb4.27.4&Prime; _module_preset=\u00a0\u00bbdefault\u00a0\u00bb max_width=\u00a0\u00bb80%\u00a0\u00bb max_width_tablet=\u00a0\u00bb100%\u00a0\u00bb max_width_phone=\u00a0\u00bb100%\u00a0\u00bb max_width_last_edited=\u00a0\u00bbon|tablet\u00a0\u00bb custom_margin=\u00a0\u00bb0px||10px||false|false\u00a0\u00bb global_colors_info=\u00a0\u00bb{}\u00a0\u00bb][\/et_pb_image][et_pb_text admin_label=\u00a0\u00bbBildunterschrift\u00a0\u00bb _builder_version=\u00a0\u00bb4.27.4&Prime; _module_preset=\u00a0\u00bbdefault\u00a0\u00bb text_orientation=\u00a0\u00bbcenter\u00a0\u00bb text_font_size_tablet=\u00a0\u00bb16px\u00a0\u00bb text_font_size_phone=\u00a0\u00bb16px\u00a0\u00bb text_font_size_last_edited=\u00a0\u00bbon|tablet\u00a0\u00bb text_line_height_tablet=\u00a0\u00bb24px\u00a0\u00bb text_line_height_phone=\u00a0\u00bb24px\u00a0\u00bb text_line_height_last_edited=\u00a0\u00bbon|desktop\u00a0\u00bb global_colors_info=\u00a0\u00bb{}\u00a0\u00bb][\/et_pb_text][\/et_pb_column][\/et_pb_row][\/et_pb_section]<\/p>\n","protected":false},"excerpt":{"rendered":"<p>Ce groupe de travail ind\u00e9pendant, compos\u00e9 de sp\u00e9cialistes issus de l&rsquo;enseignement, de la recherche et de la pratique, conseille les propri\u00e9taires et les autorit\u00e9s sur toutes les questions relatives \u00e0 la conservation des jardins historiques. Il r\u00e9dige des documents de base, s&rsquo;exprime sur des th\u00e8mes d&rsquo;actualit\u00e9, organise des formations continues et r\u00e9dige des avis sur [&hellip;]<\/p>\n","protected":false},"author":1,"featured_media":0,"parent":0,"menu_order":0,"comment_status":"closed","ping_status":"closed","template":"","meta":{"_acf_changed":false,"_et_pb_use_builder":"on","_et_pb_old_content":"","_et_gb_content_width":"","inline_featured_image":false,"footnotes":""},"class_list":["post-2128","page","type-page","status-publish","hentry"],"acf":[],"yoast_head":"<!-- This site is optimized with the Yoast SEO plugin v26.2 - https:\/\/yoast.com\/wordpress\/plugins\/seo\/ -->\n<title>\u00c0 propos de nous - Icomos<\/title>\n<meta name=\"description\" content=\"Ce groupe de travail ind\u00e9pendant, compos\u00e9 de sp\u00e9cialistes issus de l&#039;enseignement, de la recherche et de la pratique, conseille les propri\u00e9taires et les autorit\u00e9s sur toutes les questions relatives \u00e0 la conservation des jardins historiques. Il r\u00e9dige des documents de base, s&#039;exprime sur des th\u00e8mes d&#039;actualit\u00e9, organise des formations continues et r\u00e9dige des avis sur la conservation des jardins historiques.\" \/>\n<meta name=\"robots\" content=\"index, follow, max-snippet:-1, max-image-preview:large, max-video-preview:-1\" \/>\n<link rel=\"canonical\" href=\"https:\/\/icomos-jardins.ch\/fr\/a-propos-de-nous\/\" \/>\n<meta property=\"og:locale\" content=\"fr_FR\" \/>\n<meta property=\"og:type\" content=\"article\" \/>\n<meta property=\"og:title\" content=\"\u00c0 propos de nous - Icomos\" \/>\n<meta property=\"og:description\" content=\"Ce groupe de travail ind\u00e9pendant, compos\u00e9 de sp\u00e9cialistes issus de l&#039;enseignement, de la recherche et de la pratique, conseille les propri\u00e9taires et les autorit\u00e9s sur toutes les questions relatives \u00e0 la conservation des jardins historiques. Il r\u00e9dige des documents de base, s&#039;exprime sur des th\u00e8mes d&#039;actualit\u00e9, organise des formations continues et r\u00e9dige des avis sur la conservation des jardins historiques.\" \/>\n<meta property=\"og:url\" content=\"https:\/\/icomos-jardins.ch\/fr\/a-propos-de-nous\/\" \/>\n<meta property=\"og:site_name\" content=\"Icomos\" \/>\n<meta property=\"article:modified_time\" content=\"2026-05-09T06:41:29+00:00\" \/>\n<meta property=\"og:image\" content=\"https:\/\/icomos-jardins.ch\/wp-content\/uploads\/2025\/06\/5.9_halb_coated-scaled.jpg\" \/>\n\t<meta property=\"og:image:width\" content=\"2560\" \/>\n\t<meta property=\"og:image:height\" content=\"1707\" \/>\n\t<meta property=\"og:image:type\" content=\"image\/jpeg\" \/>\n<meta name=\"twitter:card\" content=\"summary_large_image\" \/>\n<meta name=\"twitter:label1\" content=\"Dur\u00e9e de lecture estim\u00e9e\" \/>\n\t<meta name=\"twitter:data1\" content=\"1 minute\" \/>\n<script type=\"application\/ld+json\" class=\"yoast-schema-graph\">{\"@context\":\"https:\/\/schema.org\",\"@graph\":[{\"@type\":\"WebPage\",\"@id\":\"https:\/\/icomos-jardins.ch\/fr\/a-propos-de-nous\/\",\"url\":\"https:\/\/icomos-jardins.ch\/fr\/a-propos-de-nous\/\",\"name\":\"\u00c0 propos de nous - Icomos\",\"isPartOf\":{\"@id\":\"https:\/\/icomos-jardins.ch\/fr\/#website\"},\"datePublished\":\"2025-06-16T18:24:24+00:00\",\"dateModified\":\"2026-05-09T06:41:29+00:00\",\"description\":\"Ce groupe de travail ind\u00e9pendant, compos\u00e9 de sp\u00e9cialistes issus de l'enseignement, de la recherche et de la pratique, conseille les propri\u00e9taires et les autorit\u00e9s sur toutes les questions relatives \u00e0 la conservation des jardins historiques. Il r\u00e9dige des documents de base, s'exprime sur des th\u00e8mes d'actualit\u00e9, organise des formations continues et r\u00e9dige des avis sur la conservation des jardins historiques.\",\"breadcrumb\":{\"@id\":\"https:\/\/icomos-jardins.ch\/fr\/a-propos-de-nous\/#breadcrumb\"},\"inLanguage\":\"fr-FR\",\"potentialAction\":[{\"@type\":\"ReadAction\",\"target\":[\"https:\/\/icomos-jardins.ch\/fr\/a-propos-de-nous\/\"]}]},{\"@type\":\"BreadcrumbList\",\"@id\":\"https:\/\/icomos-jardins.ch\/fr\/a-propos-de-nous\/#breadcrumb\",\"itemListElement\":[{\"@type\":\"ListItem\",\"position\":1,\"name\":\"Startseite\",\"item\":\"https:\/\/icomos-jardins.ch\/fr\/\"},{\"@type\":\"ListItem\",\"position\":2,\"name\":\"\u00c0 propos de nous\"}]},{\"@type\":\"WebSite\",\"@id\":\"https:\/\/icomos-jardins.ch\/fr\/#website\",\"url\":\"https:\/\/icomos-jardins.ch\/fr\/\",\"name\":\"Icomos Suisse Arbeitsgruppe Gartendenkmalpflege\",\"description\":\"\",\"publisher\":{\"@id\":\"https:\/\/icomos-jardins.ch\/fr\/#organization\"},\"potentialAction\":[{\"@type\":\"SearchAction\",\"target\":{\"@type\":\"EntryPoint\",\"urlTemplate\":\"https:\/\/icomos-jardins.ch\/fr\/?s={search_term_string}\"},\"query-input\":{\"@type\":\"PropertyValueSpecification\",\"valueRequired\":true,\"valueName\":\"search_term_string\"}}],\"inLanguage\":\"fr-FR\"},{\"@type\":\"Organization\",\"@id\":\"https:\/\/icomos-jardins.ch\/fr\/#organization\",\"name\":\"Icomos Suisse Arbeitsgruppe Gartendenkmalpflege\",\"url\":\"https:\/\/icomos-jardins.ch\/fr\/\",\"logo\":{\"@type\":\"ImageObject\",\"inLanguage\":\"fr-FR\",\"@id\":\"https:\/\/icomos-jardins.ch\/fr\/#\/schema\/logo\/image\/\",\"url\":\"https:\/\/icomos-jardins.ch\/wp-content\/uploads\/2025\/10\/Logo_DE.svg\",\"contentUrl\":\"https:\/\/icomos-jardins.ch\/wp-content\/uploads\/2025\/10\/Logo_DE.svg\",\"width\":1,\"height\":1,\"caption\":\"Icomos Suisse Arbeitsgruppe Gartendenkmalpflege\"},\"image\":{\"@id\":\"https:\/\/icomos-jardins.ch\/fr\/#\/schema\/logo\/image\/\"}}]}<\/script>\n<!-- \/ Yoast SEO plugin. -->","yoast_head_json":{"title":"\u00c0 propos de nous - Icomos","description":"Ce groupe de travail ind\u00e9pendant, compos\u00e9 de sp\u00e9cialistes issus de l'enseignement, de la recherche et de la pratique, conseille les propri\u00e9taires et les autorit\u00e9s sur toutes les questions relatives \u00e0 la conservation des jardins historiques. Il r\u00e9dige des documents de base, s'exprime sur des th\u00e8mes d'actualit\u00e9, organise des formations continues et r\u00e9dige des avis sur la conservation des jardins historiques.","robots":{"index":"index","follow":"follow","max-snippet":"max-snippet:-1","max-image-preview":"max-image-preview:large","max-video-preview":"max-video-preview:-1"},"canonical":"https:\/\/icomos-jardins.ch\/fr\/a-propos-de-nous\/","og_locale":"fr_FR","og_type":"article","og_title":"\u00c0 propos de nous - Icomos","og_description":"Ce groupe de travail ind\u00e9pendant, compos\u00e9 de sp\u00e9cialistes issus de l'enseignement, de la recherche et de la pratique, conseille les propri\u00e9taires et les autorit\u00e9s sur toutes les questions relatives \u00e0 la conservation des jardins historiques. Il r\u00e9dige des documents de base, s'exprime sur des th\u00e8mes d'actualit\u00e9, organise des formations continues et r\u00e9dige des avis sur la conservation des jardins historiques.","og_url":"https:\/\/icomos-jardins.ch\/fr\/a-propos-de-nous\/","og_site_name":"Icomos","article_modified_time":"2026-05-09T06:41:29+00:00","og_image":[{"width":2560,"height":1707,"url":"https:\/\/icomos-jardins.ch\/wp-content\/uploads\/2025\/06\/5.9_halb_coated-scaled.jpg","type":"image\/jpeg"}],"twitter_card":"summary_large_image","twitter_misc":{"Dur\u00e9e de lecture estim\u00e9e":"1 minute"},"schema":{"@context":"https:\/\/schema.org","@graph":[{"@type":"WebPage","@id":"https:\/\/icomos-jardins.ch\/fr\/a-propos-de-nous\/","url":"https:\/\/icomos-jardins.ch\/fr\/a-propos-de-nous\/","name":"\u00c0 propos de nous - Icomos","isPartOf":{"@id":"https:\/\/icomos-jardins.ch\/fr\/#website"},"datePublished":"2025-06-16T18:24:24+00:00","dateModified":"2026-05-09T06:41:29+00:00","description":"Ce groupe de travail ind\u00e9pendant, compos\u00e9 de sp\u00e9cialistes issus de l'enseignement, de la recherche et de la pratique, conseille les propri\u00e9taires et les autorit\u00e9s sur toutes les questions relatives \u00e0 la conservation des jardins historiques. Il r\u00e9dige des documents de base, s'exprime sur des th\u00e8mes d'actualit\u00e9, organise des formations continues et r\u00e9dige des avis sur la conservation des jardins historiques.","breadcrumb":{"@id":"https:\/\/icomos-jardins.ch\/fr\/a-propos-de-nous\/#breadcrumb"},"inLanguage":"fr-FR","potentialAction":[{"@type":"ReadAction","target":["https:\/\/icomos-jardins.ch\/fr\/a-propos-de-nous\/"]}]},{"@type":"BreadcrumbList","@id":"https:\/\/icomos-jardins.ch\/fr\/a-propos-de-nous\/#breadcrumb","itemListElement":[{"@type":"ListItem","position":1,"name":"Startseite","item":"https:\/\/icomos-jardins.ch\/fr\/"},{"@type":"ListItem","position":2,"name":"\u00c0 propos de nous"}]},{"@type":"WebSite","@id":"https:\/\/icomos-jardins.ch\/fr\/#website","url":"https:\/\/icomos-jardins.ch\/fr\/","name":"Icomos Suisse Arbeitsgruppe Gartendenkmalpflege","description":"","publisher":{"@id":"https:\/\/icomos-jardins.ch\/fr\/#organization"},"potentialAction":[{"@type":"SearchAction","target":{"@type":"EntryPoint","urlTemplate":"https:\/\/icomos-jardins.ch\/fr\/?s={search_term_string}"},"query-input":{"@type":"PropertyValueSpecification","valueRequired":true,"valueName":"search_term_string"}}],"inLanguage":"fr-FR"},{"@type":"Organization","@id":"https:\/\/icomos-jardins.ch\/fr\/#organization","name":"Icomos Suisse Arbeitsgruppe Gartendenkmalpflege","url":"https:\/\/icomos-jardins.ch\/fr\/","logo":{"@type":"ImageObject","inLanguage":"fr-FR","@id":"https:\/\/icomos-jardins.ch\/fr\/#\/schema\/logo\/image\/","url":"https:\/\/icomos-jardins.ch\/wp-content\/uploads\/2025\/10\/Logo_DE.svg","contentUrl":"https:\/\/icomos-jardins.ch\/wp-content\/uploads\/2025\/10\/Logo_DE.svg","width":1,"height":1,"caption":"Icomos Suisse Arbeitsgruppe Gartendenkmalpflege"},"image":{"@id":"https:\/\/icomos-jardins.ch\/fr\/#\/schema\/logo\/image\/"}}]}},"_links":{"self":[{"href":"https:\/\/icomos-jardins.ch\/fr\/wp-json\/wp\/v2\/pages\/2128","targetHints":{"allow":["GET"]}}],"collection":[{"href":"https:\/\/icomos-jardins.ch\/fr\/wp-json\/wp\/v2\/pages"}],"about":[{"href":"https:\/\/icomos-jardins.ch\/fr\/wp-json\/wp\/v2\/types\/page"}],"author":[{"embeddable":true,"href":"https:\/\/icomos-jardins.ch\/fr\/wp-json\/wp\/v2\/users\/1"}],"replies":[{"embeddable":true,"href":"https:\/\/icomos-jardins.ch\/fr\/wp-json\/wp\/v2\/comments?post=2128"}],"version-history":[{"count":43,"href":"https:\/\/icomos-jardins.ch\/fr\/wp-json\/wp\/v2\/pages\/2128\/revisions"}],"predecessor-version":[{"id":4551,"href":"https:\/\/icomos-jardins.ch\/fr\/wp-json\/wp\/v2\/pages\/2128\/revisions\/4551"}],"wp:attachment":[{"href":"https:\/\/icomos-jardins.ch\/fr\/wp-json\/wp\/v2\/media?parent=2128"}],"curies":[{"name":"wp","href":"https:\/\/api.w.org\/{rel}","templated":true}]}}