{"id":1910,"date":"2025-06-16T20:25:03","date_gmt":"2025-06-16T18:25:03","guid":{"rendered":"https:\/\/icomos-jardins.ch\/les-plus-beaux-jardins-historiques\/"},"modified":"2025-10-27T03:20:34","modified_gmt":"2025-10-27T02:20:34","slug":"les-plus-beaux-jardins-historiques","status":"publish","type":"page","link":"https:\/\/icomos-jardins.ch\/fr\/les-plus-beaux-jardins-historiques\/","title":{"rendered":"O\u00f9 voulez-vous aller ?"},"content":{"rendered":"<p>[et_pb_section fb_built=\u00a0\u00bb1&Prime; custom_padding_last_edited=\u00a0\u00bbon|phone\u00a0\u00bb _builder_version=\u00a0\u00bb4.27.4&Prime; _module_preset=\u00a0\u00bbdefault\u00a0\u00bb custom_padding=\u00a0\u00bb50px||20px||false|false\u00a0\u00bb custom_padding_tablet=\u00a0\u00bb30px||||false|false\u00a0\u00bb custom_padding_phone=\u00a0\u00bb10px||||false|false\u00a0\u00bb locked=\u00a0\u00bboff\u00a0\u00bb collapsed=\u00a0\u00bboff\u00a0\u00bb global_colors_info=\u00a0\u00bb{}\u00a0\u00bb][et_pb_row _builder_version=\u00a0\u00bb4.27.4&Prime; _module_preset=\u00a0\u00bbdefault\u00a0\u00bb custom_margin=\u00a0\u00bb40px||10px||false|true\u00a0\u00bb custom_padding=\u00a0\u00bb0px|0px|0px|0px|true|true\u00a0\u00bb global_colors_info=\u00a0\u00bb{}\u00a0\u00bb][et_pb_column type=\u00a0\u00bb4_4&Prime; _builder_version=\u00a0\u00bb4.27.4&Prime; _module_preset=\u00a0\u00bbdefault\u00a0\u00bb global_colors_info=\u00a0\u00bb{}\u00a0\u00bb][et_pb_heading title=\u00a0\u00bbO\u00f9 voulez-vous aller ?\u00a0\u00bb _builder_version=\u00a0\u00bb4.27.4&Prime; _module_preset=\u00a0\u00bbdefault\u00a0\u00bb title_font=\u00a0\u00bb|700|||||||\u00a0\u00bb title_text_align=\u00a0\u00bbcenter\u00a0\u00bb title_font_size=\u00a0\u00bb50px\u00a0\u00bb title_line_height=\u00a0\u00bb52px\u00a0\u00bb max_width=\u00a0\u00bb600px\u00a0\u00bb module_alignment=\u00a0\u00bbcenter\u00a0\u00bb hover_enabled=\u00a0\u00bb0&Prime; title_font_size_tablet=\u00a0\u00bb26px\u00a0\u00bb title_font_size_phone=\u00a0\u00bb24px\u00a0\u00bb title_font_size_last_edited=\u00a0\u00bbon|phone\u00a0\u00bb title_line_height_tablet=\u00a0\u00bb30px\u00a0\u00bb title_line_height_phone=\u00a0\u00bb28px\u00a0\u00bb title_line_height_last_edited=\u00a0\u00bbon|desktop\u00a0\u00bb global_colors_info=\u00a0\u00bb{}\u00a0\u00bb sticky_enabled=\u00a0\u00bb0&Prime;][\/et_pb_heading][\/et_pb_column][\/et_pb_row][\/et_pb_section][et_pb_section fb_built=\u00a0\u00bb1&Prime; custom_padding_last_edited=\u00a0\u00bbon|phone\u00a0\u00bb admin_label=\u00a0\u00bbText\u00a0\u00bb _builder_version=\u00a0\u00bb4.27.4&Prime; _module_preset=\u00a0\u00bbdefault\u00a0\u00bb custom_padding=\u00a0\u00bb0px|40px|20px|40px|false|true\u00a0\u00bb custom_padding_tablet=\u00a0\u00bb0px|40px|20px|40px|false|true\u00a0\u00bb custom_padding_phone=\u00a0\u00bb|25px||25px|false|true\u00a0\u00bb locked=\u00a0\u00bboff\u00a0\u00bb collapsed=\u00a0\u00bboff\u00a0\u00bb global_colors_info=\u00a0\u00bb{}\u00a0\u00bb][et_pb_row custom_padding_last_edited=\u00a0\u00bbon|tablet\u00a0\u00bb _builder_version=\u00a0\u00bb4.27.4&Prime; _module_preset=\u00a0\u00bbdefault\u00a0\u00bb width_tablet=\u00a0\u00bb100%\u00a0\u00bb width_phone=\u00a0\u00bb100%\u00a0\u00bb width_last_edited=\u00a0\u00bbon|tablet\u00a0\u00bb max_width=\u00a0\u00bb750px\u00a0\u00bb custom_margin=\u00a0\u00bb||||false|false\u00a0\u00bb custom_margin_tablet=\u00a0\u00bb||||false|false\u00a0\u00bb custom_margin_phone=\u00a0\u00bb||||false|false\u00a0\u00bb custom_margin_last_edited=\u00a0\u00bbon|tablet\u00a0\u00bb custom_padding=\u00a0\u00bb|0px||0px|false|true\u00a0\u00bb custom_padding_tablet=\u00a0\u00bb0px||0px||false|true\u00a0\u00bb custom_padding_phone=\u00a0\u00bb0px||0px||false|true\u00a0\u00bb animation_style=\u00a0\u00bbslide\u00a0\u00bb animation_direction=\u00a0\u00bbbottom\u00a0\u00bb animation_duration=\u00a0\u00bb450ms\u00a0\u00bb animation_delay=\u00a0\u00bb200ms\u00a0\u00bb animation_intensity_slide=\u00a0\u00bb10%\u00a0\u00bb global_colors_info=\u00a0\u00bb{}\u00a0\u00bb][et_pb_column type=\u00a0\u00bb4_4&Prime; _builder_version=\u00a0\u00bb4.27.4&Prime; _module_preset=\u00a0\u00bbdefault\u00a0\u00bb global_colors_info=\u00a0\u00bb{}\u00a0\u00bb][et_pb_text _builder_version=\u00a0\u00bb4.27.4&Prime; _module_preset=\u00a0\u00bbdefault\u00a0\u00bb module_alignment=\u00a0\u00bbcenter\u00a0\u00bb custom_padding=\u00a0\u00bb||25px||false|false\u00a0\u00bb hover_enabled=\u00a0\u00bb0&Prime; text_font_size_tablet=\u00a0\u00bb18px\u00a0\u00bb text_font_size_phone=\u00a0\u00bb18px\u00a0\u00bb text_font_size_last_edited=\u00a0\u00bbon|tablet\u00a0\u00bb text_line_height_tablet=\u00a0\u00bb24px\u00a0\u00bb text_line_height_phone=\u00a0\u00bb24px\u00a0\u00bb text_line_height_last_edited=\u00a0\u00bbon|desktop\u00a0\u00bb global_colors_info=\u00a0\u00bb{}\u00a0\u00bb sticky_enabled=\u00a0\u00bb0&Prime;]<\/p>\n<p>Des jardins de monast\u00e8res et de ch\u00e2teaux forts, aux jardins baroques et aux parcs paysagers, en passant par les promenades datant des ann\u00e9es 1900 et les espaces verts de l&rsquo;apr\u00e8s-guerre : un parcours plein de surprises.<\/p>\n<p>[\/et_pb_text][\/et_pb_column][\/et_pb_row][\/et_pb_section][et_pb_section fb_built=\u00a0\u00bb1&Prime; fullwidth=\u00a0\u00bbon\u00a0\u00bb _builder_version=\u00a0\u00bb4.27.4&Prime; _module_preset=\u00a0\u00bbdefault\u00a0\u00bb custom_margin=\u00a0\u00bb||0px||false|false\u00a0\u00bb custom_padding=\u00a0\u00bb||0px||false|false\u00a0\u00bb global_colors_info=\u00a0\u00bb{}\u00a0\u00bb][et_pb_fullwidth_code _builder_version=\u00a0\u00bb4.27.4&Prime; _module_preset=\u00a0\u00bbdefault\u00a0\u00bb custom_padding=\u00a0\u00bb0px||0px||false|false\u00a0\u00bb global_colors_info=\u00a0\u00bb{}\u00a0\u00bb]\t\t<div id=\"maps-marker-pro-0bcc570f\" class=\"maps-marker-pro\" style=\"width: 100%;\">\n\t\t\t<div id=\"mmp-map-wrap-0bcc570f\" class=\"mmp-map-wrap\">\n\t\t\t\t\t\t\t\t<div id=\"mmp-map-0bcc570f\" class=\"mmp-map\" style=\"height: 800px;\"><\/div>\n\t\t\t\t\t\t\t<\/div>\n\t\t\t\t\t<\/div>\n\t\t[\/et_pb_fullwidth_code][\/et_pb_section]<\/p>\n","protected":false},"excerpt":{"rendered":"<p>Des jardins de monast\u00e8res et de ch\u00e2teaux forts, aux jardins baroques et aux parcs paysagers, en passant par les promenades datant des ann\u00e9es 1900 et les espaces verts de l&rsquo;apr\u00e8s-guerre : un parcours plein de surprises.\t\t<div id=\"maps-marker-pro-bfa3e62e\" class=\"maps-marker-pro\" style=\"width: 100%;\">\n\t\t\t<div id=\"mmp-map-wrap-bfa3e62e\" class=\"mmp-map-wrap\">\n\t\t\t\t\t\t\t\t<div id=\"mmp-map-bfa3e62e\" class=\"mmp-map\" style=\"height: 800px;\"><\/div>\n\t\t\t\t\t\t\t<\/div>\n\t\t\t\t\t<\/div>\n\t\t<\/p>\n","protected":false},"author":1,"featured_media":0,"parent":0,"menu_order":0,"comment_status":"closed","ping_status":"closed","template":"","meta":{"_acf_changed":false,"_et_pb_use_builder":"on","_et_pb_old_content":"","_et_gb_content_width":"","inline_featured_image":false,"footnotes":""},"class_list":["post-1910","page","type-page","status-publish","hentry"],"acf":[],"yoast_head":"<!-- This site is optimized with the Yoast SEO plugin v26.2 - https:\/\/yoast.com\/wordpress\/plugins\/seo\/ -->\n<title>O\u00f9 voulez-vous aller ? - Icomos<\/title>\n<meta name=\"robots\" content=\"index, follow, max-snippet:-1, max-image-preview:large, max-video-preview:-1\" \/>\n<link rel=\"canonical\" href=\"https:\/\/icomos-jardins.ch\/fr\/les-plus-beaux-jardins-historiques\/\" \/>\n<meta property=\"og:locale\" content=\"fr_FR\" \/>\n<meta property=\"og:type\" content=\"article\" \/>\n<meta property=\"og:title\" content=\"O\u00f9 voulez-vous aller ? - Icomos\" \/>\n<meta property=\"og:description\" content=\"Des jardins de monast\u00e8res et de ch\u00e2teaux forts, aux jardins baroques et aux parcs paysagers, en passant par les promenades datant des ann\u00e9es 1900 et les espaces verts de l&#039;apr\u00e8s-guerre : un parcours plein de surprises.\" \/>\n<meta property=\"og:url\" content=\"https:\/\/icomos-jardins.ch\/fr\/les-plus-beaux-jardins-historiques\/\" \/>\n<meta property=\"og:site_name\" content=\"Icomos\" \/>\n<meta property=\"article:modified_time\" content=\"2025-10-27T02:20:34+00:00\" \/>\n<meta property=\"og:image\" content=\"https:\/\/icomos-jardins.ch\/wp-content\/uploads\/2025\/06\/5.9_halb_coated-scaled.jpg\" \/>\n\t<meta property=\"og:image:width\" content=\"2560\" \/>\n\t<meta property=\"og:image:height\" content=\"1707\" \/>\n\t<meta property=\"og:image:type\" content=\"image\/jpeg\" \/>\n<meta name=\"twitter:card\" content=\"summary_large_image\" \/>\n<meta name=\"twitter:label1\" content=\"Dur\u00e9e de lecture estim\u00e9e\" \/>\n\t<meta name=\"twitter:data1\" content=\"2 minutes\" \/>\n<script type=\"application\/ld+json\" class=\"yoast-schema-graph\">{\"@context\":\"https:\/\/schema.org\",\"@graph\":[{\"@type\":\"WebPage\",\"@id\":\"https:\/\/icomos-jardins.ch\/fr\/les-plus-beaux-jardins-historiques\/\",\"url\":\"https:\/\/icomos-jardins.ch\/fr\/les-plus-beaux-jardins-historiques\/\",\"name\":\"O\u00f9 voulez-vous aller ? - Icomos\",\"isPartOf\":{\"@id\":\"https:\/\/icomos-jardins.ch\/fr\/#website\"},\"datePublished\":\"2025-06-16T18:25:03+00:00\",\"dateModified\":\"2025-10-27T02:20:34+00:00\",\"breadcrumb\":{\"@id\":\"https:\/\/icomos-jardins.ch\/fr\/les-plus-beaux-jardins-historiques\/#breadcrumb\"},\"inLanguage\":\"fr-FR\",\"potentialAction\":[{\"@type\":\"ReadAction\",\"target\":[\"https:\/\/icomos-jardins.ch\/fr\/les-plus-beaux-jardins-historiques\/\"]}]},{\"@type\":\"BreadcrumbList\",\"@id\":\"https:\/\/icomos-jardins.ch\/fr\/les-plus-beaux-jardins-historiques\/#breadcrumb\",\"itemListElement\":[{\"@type\":\"ListItem\",\"position\":1,\"name\":\"Startseite\",\"item\":\"https:\/\/icomos-jardins.ch\/fr\/\"},{\"@type\":\"ListItem\",\"position\":2,\"name\":\"O\u00f9 voulez-vous aller ?\"}]},{\"@type\":\"WebSite\",\"@id\":\"https:\/\/icomos-jardins.ch\/fr\/#website\",\"url\":\"https:\/\/icomos-jardins.ch\/fr\/\",\"name\":\"Icomos Suisse Arbeitsgruppe Gartendenkmalpflege\",\"description\":\"\",\"publisher\":{\"@id\":\"https:\/\/icomos-jardins.ch\/fr\/#organization\"},\"potentialAction\":[{\"@type\":\"SearchAction\",\"target\":{\"@type\":\"EntryPoint\",\"urlTemplate\":\"https:\/\/icomos-jardins.ch\/fr\/?s={search_term_string}\"},\"query-input\":{\"@type\":\"PropertyValueSpecification\",\"valueRequired\":true,\"valueName\":\"search_term_string\"}}],\"inLanguage\":\"fr-FR\"},{\"@type\":\"Organization\",\"@id\":\"https:\/\/icomos-jardins.ch\/fr\/#organization\",\"name\":\"Icomos Suisse Arbeitsgruppe Gartendenkmalpflege\",\"url\":\"https:\/\/icomos-jardins.ch\/fr\/\",\"logo\":{\"@type\":\"ImageObject\",\"inLanguage\":\"fr-FR\",\"@id\":\"https:\/\/icomos-jardins.ch\/fr\/#\/schema\/logo\/image\/\",\"url\":\"https:\/\/icomos-jardins.ch\/wp-content\/uploads\/2025\/10\/Logo_DE.svg\",\"contentUrl\":\"https:\/\/icomos-jardins.ch\/wp-content\/uploads\/2025\/10\/Logo_DE.svg\",\"width\":1,\"height\":1,\"caption\":\"Icomos Suisse Arbeitsgruppe Gartendenkmalpflege\"},\"image\":{\"@id\":\"https:\/\/icomos-jardins.ch\/fr\/#\/schema\/logo\/image\/\"}}]}<\/script>\n<!-- \/ Yoast SEO plugin. -->","yoast_head_json":{"title":"O\u00f9 voulez-vous aller ? - Icomos","robots":{"index":"index","follow":"follow","max-snippet":"max-snippet:-1","max-image-preview":"max-image-preview:large","max-video-preview":"max-video-preview:-1"},"canonical":"https:\/\/icomos-jardins.ch\/fr\/les-plus-beaux-jardins-historiques\/","og_locale":"fr_FR","og_type":"article","og_title":"O\u00f9 voulez-vous aller ? - Icomos","og_description":"Des jardins de monast\u00e8res et de ch\u00e2teaux forts, aux jardins baroques et aux parcs paysagers, en passant par les promenades datant des ann\u00e9es 1900 et les espaces verts de l'apr\u00e8s-guerre : un parcours plein de surprises.","og_url":"https:\/\/icomos-jardins.ch\/fr\/les-plus-beaux-jardins-historiques\/","og_site_name":"Icomos","article_modified_time":"2025-10-27T02:20:34+00:00","og_image":[{"width":2560,"height":1707,"url":"https:\/\/icomos-jardins.ch\/wp-content\/uploads\/2025\/06\/5.9_halb_coated-scaled.jpg","type":"image\/jpeg"}],"twitter_card":"summary_large_image","twitter_misc":{"Dur\u00e9e de lecture estim\u00e9e":"2 minutes"},"schema":{"@context":"https:\/\/schema.org","@graph":[{"@type":"WebPage","@id":"https:\/\/icomos-jardins.ch\/fr\/les-plus-beaux-jardins-historiques\/","url":"https:\/\/icomos-jardins.ch\/fr\/les-plus-beaux-jardins-historiques\/","name":"O\u00f9 voulez-vous aller ? - Icomos","isPartOf":{"@id":"https:\/\/icomos-jardins.ch\/fr\/#website"},"datePublished":"2025-06-16T18:25:03+00:00","dateModified":"2025-10-27T02:20:34+00:00","breadcrumb":{"@id":"https:\/\/icomos-jardins.ch\/fr\/les-plus-beaux-jardins-historiques\/#breadcrumb"},"inLanguage":"fr-FR","potentialAction":[{"@type":"ReadAction","target":["https:\/\/icomos-jardins.ch\/fr\/les-plus-beaux-jardins-historiques\/"]}]},{"@type":"BreadcrumbList","@id":"https:\/\/icomos-jardins.ch\/fr\/les-plus-beaux-jardins-historiques\/#breadcrumb","itemListElement":[{"@type":"ListItem","position":1,"name":"Startseite","item":"https:\/\/icomos-jardins.ch\/fr\/"},{"@type":"ListItem","position":2,"name":"O\u00f9 voulez-vous aller ?"}]},{"@type":"WebSite","@id":"https:\/\/icomos-jardins.ch\/fr\/#website","url":"https:\/\/icomos-jardins.ch\/fr\/","name":"Icomos Suisse Arbeitsgruppe Gartendenkmalpflege","description":"","publisher":{"@id":"https:\/\/icomos-jardins.ch\/fr\/#organization"},"potentialAction":[{"@type":"SearchAction","target":{"@type":"EntryPoint","urlTemplate":"https:\/\/icomos-jardins.ch\/fr\/?s={search_term_string}"},"query-input":{"@type":"PropertyValueSpecification","valueRequired":true,"valueName":"search_term_string"}}],"inLanguage":"fr-FR"},{"@type":"Organization","@id":"https:\/\/icomos-jardins.ch\/fr\/#organization","name":"Icomos Suisse Arbeitsgruppe Gartendenkmalpflege","url":"https:\/\/icomos-jardins.ch\/fr\/","logo":{"@type":"ImageObject","inLanguage":"fr-FR","@id":"https:\/\/icomos-jardins.ch\/fr\/#\/schema\/logo\/image\/","url":"https:\/\/icomos-jardins.ch\/wp-content\/uploads\/2025\/10\/Logo_DE.svg","contentUrl":"https:\/\/icomos-jardins.ch\/wp-content\/uploads\/2025\/10\/Logo_DE.svg","width":1,"height":1,"caption":"Icomos Suisse Arbeitsgruppe Gartendenkmalpflege"},"image":{"@id":"https:\/\/icomos-jardins.ch\/fr\/#\/schema\/logo\/image\/"}}]}},"_links":{"self":[{"href":"https:\/\/icomos-jardins.ch\/fr\/wp-json\/wp\/v2\/pages\/1910","targetHints":{"allow":["GET"]}}],"collection":[{"href":"https:\/\/icomos-jardins.ch\/fr\/wp-json\/wp\/v2\/pages"}],"about":[{"href":"https:\/\/icomos-jardins.ch\/fr\/wp-json\/wp\/v2\/types\/page"}],"author":[{"embeddable":true,"href":"https:\/\/icomos-jardins.ch\/fr\/wp-json\/wp\/v2\/users\/1"}],"replies":[{"embeddable":true,"href":"https:\/\/icomos-jardins.ch\/fr\/wp-json\/wp\/v2\/comments?post=1910"}],"version-history":[{"count":5,"href":"https:\/\/icomos-jardins.ch\/fr\/wp-json\/wp\/v2\/pages\/1910\/revisions"}],"predecessor-version":[{"id":4134,"href":"https:\/\/icomos-jardins.ch\/fr\/wp-json\/wp\/v2\/pages\/1910\/revisions\/4134"}],"wp:attachment":[{"href":"https:\/\/icomos-jardins.ch\/fr\/wp-json\/wp\/v2\/media?parent=1910"}],"curies":[{"name":"wp","href":"https:\/\/api.w.org\/{rel}","templated":true}]}}